{"id":2,"date":"2023-08-07T22:37:59","date_gmt":"2023-08-08T02:37:59","guid":{"rendered":"https:\/\/aupp.edu.py\/v2\/?page_id=2"},"modified":"2023-08-24T22:35:53","modified_gmt":"2023-08-25T02:35:53","slug":"breve-historial-de-la-asociacion-de-universidades-publicas-del-paraguay","status":"publish","type":"page","link":"https:\/\/aupp.edu.py\/v2\/?page_id=2","title":{"rendered":"Breve historial de la Asociaci\u00f3n de Universidades P\u00fablicas del Paraguay"},"content":{"rendered":"\n<p>La Asociaci\u00f3n de Universidades P\u00fablicas del Paraguay (AUPP), es una Asociaci\u00f3n Civil de Utilidad P\u00fablica, de Derecho P\u00fablico sin fines de lucro, que re\u00fane a las Universidades P\u00fablicas del Paraguay (Universidad Nacional de Asunci\u00f3n; Universidad Nacional de Este; Universidad Nacional de Pilar; Universidad Nacional de Itap\u00faa; Universidad Nacional de Concepci\u00f3n; Universidad Nacional de Caaguaz\u00fa; Universidad Nacional de Canindey\u00fa y Universidad Nacional de Villarrica del Esp\u00edritu Santo), fue creada en fecha 31 de agosto de 2003, en el Campus de la Universidad Nacional de Itap\u00faa, conforme consta en el Acta de Fundaci\u00f3n N\u00ba 01\/2003, inscripta en la Direcci\u00f3n General de los Registros P\u00fablicos \u2013 Secci\u00f3n Personas Jur\u00eddicas y Asociaciones, bajo el N\u00ba 642 al folio 8259 y sgtes. Serie \u201cC\u201d el 19 de agosto de 2004.-<\/p>\n\n\n\n<p>Su nuevo Estatuto fue protocolizado en fecha 16 de diciembre de 2022, conforme consta en la Escritura Matriz N\u00ba 998, folio 2950 y sgtes. del Protocolo de la Divisi\u00f3n Comercial Secci\u00f3n \u201cA\u201d del Registro Notarial N\u00ba 1098, con asiento en Coronel Oviedo y autorizada por Mirta E. Ben\u00edtez de Sachelaridi, en el car\u00e1cter de Titular de dicho Registro.<\/p>\n\n\n\n<p>La sucesi\u00f3n de Presidencia se dio en el siguiente orden:<\/p>\n\n\n\n<p><strong>2003 \u2013 2004: Prof. Dr. Dar\u00edo Zarate Arellano<\/strong>, Rector de la Universidad Nacional de Asunci\u00f3n. (Complet\u00f3 el mandato el <strong>Prof. Ing. Agr. Pedro Gerardo Gonz\u00e1lez<\/strong>)<\/p>\n\n\n\n<p><strong>2004 &#8211; 2005: Prof. Dr. Gilberto Ruiz Carvallo<\/strong>, Rector de la Universidad Nacional del Este.<\/p>\n\n\n\n<p><strong>2005 \u2013 2006: Prof. Dr. V\u00edctor R\u00edos Ojeda<\/strong>, Rector de la Universidad Nacional de Pilar.<\/p>\n\n\n\n<p><strong>2006 \u2013 2007: Prof. Ing. Hildegardo Gonz\u00e1lez Irala<\/strong>, Rector de la Universidad Nacional de Itap\u00faa. (Complet\u00f3 el per\u00edodo la <strong>Prof. Dra. Yilda Ag\u00fcero de Talavera<\/strong>)<\/p>\n\n\n\n<p><strong>2007 \u2013 2008: Prof. Lic. V\u00edctor Alfredo Br\u00edtez Chamorro<\/strong>, Rector de la Universidad Nacional del Este.<\/p>\n\n\n\n<p><strong>2008 \u2013 2009: Prof. Dr. V\u00edctor R\u00edos Ojeda<\/strong>, Rector de la Universidad Nacional de Pilar.<\/p>\n\n\n\n<p><strong>2009 \u2013 2010: Prof. Ing. Agr. Pedro Gerardo Gonz\u00e1lez<\/strong>, Rector de la Universidad Nacional de Asunci\u00f3n.<\/p>\n\n\n\n<p><strong>2010 \u2013 2011: Prof. Ing. Hildegardo Gonz\u00e1lez Irala<\/strong>, Rector de la Universidad Nacional de Itap\u00faa.<\/p>\n\n\n\n<p><strong>2011 \u2013 2012: Prof. Dr. Clarito Rojas Mar\u00edn<\/strong>, Rector de la Universidad Nacional de Concepci\u00f3n.<\/p>\n\n\n\n<p><strong>2012 \u2013 2013: Prof. Lic. V\u00edctor Alfredo Br\u00edtez Chamorro<\/strong>, Rector de la Universidad Nacional del Este.<\/p>\n\n\n\n<p><strong>2013 \u2013 2014 Prof. Dr. Mariano Adolfo Pacher Morel<\/strong>, Rector de la Universidad Nacional de Canindey\u00fa.<\/p>\n\n\n\n<p><strong>2014 \u2013 2015 Prof. Dr. Pablo Mart\u00ednez Acosta<\/strong>, Rector de la Universidad Nacional de Caaguaz\u00fa. (Complet\u00f3 el per\u00edodo el <strong>Prof. Dr. Mariano Adolfo Pacher Morel<\/strong>)<\/p>\n\n\n\n<p><strong>2015 \u2013 2016 Prof. Dr. Mariano Adolfo Pacher Morel<\/strong>, Rector de la Universidad Nacional de Canindey\u00fa.<\/p>\n\n\n\n<p><strong>2023 \u2013 2024 Prof. Dr. Hermenegildo Cohene Vel\u00e1zquez<\/strong>, Rector de la Universidad Nacional de Itap\u00faa.<\/p>\n\n\n\n<p><\/p>\n\n\n\n<blockquote class=\"wp-block-quote is-layout-flow wp-block-quote-is-layout-flow\">\n<p><a href=\"https:\/\/aupp.edu.py\/v2\/wp-content\/uploads\/2023\/08\/Breve_historial_de_la_Asociacion_de_Universidades_Publicas_del_Paraguay.pdf\">Descarga el Documento completo<\/a><\/p>\n<\/blockquote>\n","protected":false},"excerpt":{"rendered":"<p>La Asociaci\u00f3n de Universidades P\u00fablicas del Paraguay (AUPP), es una Asociaci\u00f3n Civil de Utilidad P\u00fablica, de Derecho P\u00fablico sin fines [&hellip;]<\/p>\n","protected":false},"author":1,"featured_media":0,"parent":0,"menu_order":0,"comment_status":"closed","ping_status":"closed","template":"","meta":{"_EventAllDay":false,"_EventTimezone":"","_EventStartDate":"","_EventEndDate":"","_EventStartDateUTC":"","_EventEndDateUTC":"","_EventShowMap":false,"_EventShowMapLink":false,"_EventURL":"","_EventCost":"","_EventCostDescription":"","_EventCurrencySymbol":"","_EventCurrencyCode":"","_EventCurrencyPosition":"","_EventDateTimeSeparator":"","_EventTimeRangeSeparator":"","_EventOrganizerID":[],"_EventVenueID":[],"_OrganizerEmail":"","_OrganizerPhone":"","_OrganizerWebsite":"","_VenueAddress":"","_VenueCity":"","_VenueCountry":"","_VenueProvince":"","_VenueState":"","_VenueZip":"","_VenuePhone":"","_VenueURL":"","_VenueStateProvince":"","_VenueLat":"","_VenueLng":"","_VenueShowMap":false,"_VenueShowMapLink":false,"footnotes":""},"class_list":["post-2","page","type-page","status-publish","hentry"],"_links":{"self":[{"href":"https:\/\/aupp.edu.py\/v2\/index.php?rest_route=\/wp\/v2\/pages\/2","targetHints":{"allow":["GET"]}}],"collection":[{"href":"https:\/\/aupp.edu.py\/v2\/index.php?rest_route=\/wp\/v2\/pages"}],"about":[{"href":"https:\/\/aupp.edu.py\/v2\/index.php?rest_route=\/wp\/v2\/types\/page"}],"author":[{"embeddable":true,"href":"https:\/\/aupp.edu.py\/v2\/index.php?rest_route=\/wp\/v2\/users\/1"}],"replies":[{"embeddable":true,"href":"https:\/\/aupp.edu.py\/v2\/index.php?rest_route=%2Fwp%2Fv2%2Fcomments&post=2"}],"version-history":[{"count":5,"href":"https:\/\/aupp.edu.py\/v2\/index.php?rest_route=\/wp\/v2\/pages\/2\/revisions"}],"predecessor-version":[{"id":6543,"href":"https:\/\/aupp.edu.py\/v2\/index.php?rest_route=\/wp\/v2\/pages\/2\/revisions\/6543"}],"wp:attachment":[{"href":"https:\/\/aupp.edu.py\/v2\/index.php?rest_route=%2Fwp%2Fv2%2Fmedia&parent=2"}],"curies":[{"name":"wp","href":"https:\/\/api.w.org\/{rel}","templated":true}]}}